{"id":1853,"date":"2025-12-26T17:56:06","date_gmt":"2025-12-26T23:56:06","guid":{"rendered":"https:\/\/tienda-style.com\/?post_type=product&#038;p=1853"},"modified":"2025-12-26T17:56:06","modified_gmt":"2025-12-26T23:56:06","slug":"reloj-automatico-automatico-invicta-vintage-con-esfera-de-perla-46-mm-marron","status":"publish","type":"product","link":"https:\/\/tienda-style.com\/index.php\/producto\/reloj-automatico-automatico-invicta-vintage-con-esfera-de-perla-46-mm-marron\/","title":{"rendered":"Reloj autom\u00e1tico autom\u00e1tico INVICTA Vintage con esfera de perla &#8211; 46 mm, marr\u00f3n."},"content":{"rendered":"","protected":false},"excerpt":{"rendered":"<p style=\"text-align: left;\"><strong><em>Este incre\u00edble reloj INVICTA<\/em>\u00a0<\/strong><strong>de<em> la colecci\u00f3n Vintage ofrece un movimiento autom\u00e1tico exacto, con una incre\u00edble caja dorada. La cara muestra una esfera negra de n\u00e1car protegida por nuestro cristal de fusi\u00f3n Flame patentado. El dise\u00f1o se completa con una banda de cuero marr\u00f3n. Este reloj puede resistir el agua hasta 50 m.<\/em><\/strong><\/p>\n","protected":false},"featured_media":1854,"template":"","meta":{"site-sidebar-layout":"default","site-content-layout":"","ast-site-content-layout":"default","site-content-style":"default","site-sidebar-style":"default","ast-global-header-display":"","ast-banner-title-visibility":"","ast-main-header-display":"","ast-hfb-above-header-display":"","ast-hfb-below-header-display":"","ast-hfb-mobile-header-display":"","site-post-title":"","ast-breadcrumbs-content":"","ast-featured-img":"","footer-sml-layout":"","theme-transparent-header-meta":"default","adv-header-id-meta":"","stick-header-meta":"","header-above-stick-meta":"","header-main-stick-meta":"","header-below-stick-meta":"","astra-migrate-meta-layouts":"set","ast-page-background-enabled":"default","ast-page-background-meta":{"desktop":{"background-color":"var(--ast-global-color-4)","background-image":"","background-repeat":"repeat","background-position":"center center","background-size":"auto","background-attachment":"scroll","background-type":"","background-media":"","overlay-type":"","overlay-color":"","overlay-gradient":""},"tablet":{"background-color":"","background-image":"","background-repeat":"repeat","background-position":"center center","background-size":"auto","background-attachment":"scroll","background-type":"","background-media":"","overlay-type":"","overlay-color":"","overlay-gradient":""},"mobile":{"background-color":"","background-image":"","background-repeat":"repeat","background-position":"center center","background-size":"auto","background-attachment":"scroll","background-type":"","background-media":"","overlay-type":"","overlay-color":"","overlay-gradient":""}},"ast-content-background-meta":{"desktop":{"background-color":"var(--ast-global-color-5)","background-image":"","background-repeat":"repeat","background-position":"center center","background-size":"auto","background-attachment":"scroll","background-type":"","background-media":"","overlay-type":"","overlay-color":"","overlay-gradient":""},"tablet":{"background-color":"var(--ast-global-color-5)","background-image":"","background-repeat":"repeat","background-position":"center center","background-size":"auto","background-attachment":"scroll","background-type":"","background-media":"","overlay-type":"","overlay-color":"","overlay-gradient":""},"mobile":{"background-color":"var(--ast-global-color-5)","background-image":"","background-repeat":"repeat","background-position":"center center","background-size":"auto","background-attachment":"scroll","background-type":"","background-media":"","overlay-type":"","overlay-color":"","overlay-gradient":""}}},"product_cat":[27],"product_tag":[],"class_list":{"0":"post-1853","1":"product","2":"type-product","3":"status-publish","4":"has-post-thumbnail","6":"product_cat-relojes","7":"desktop-align-left","8":"tablet-align-left","9":"mobile-align-left","11":"first","12":"instock","13":"shipping-taxable","14":"purchasable","15":"product-type-simple"},"_links":{"self":[{"href":"https:\/\/tienda-style.com\/index.php\/wp-json\/wp\/v2\/product\/1853"}],"collection":[{"href":"https:\/\/tienda-style.com\/index.php\/wp-json\/wp\/v2\/product"}],"about":[{"href":"https:\/\/tienda-style.com\/index.php\/wp-json\/wp\/v2\/types\/product"}],"wp:featuredmedia":[{"embeddable":true,"href":"https:\/\/tienda-style.com\/index.php\/wp-json\/wp\/v2\/media\/1854"}],"wp:attachment":[{"href":"https:\/\/tienda-style.com\/index.php\/wp-json\/wp\/v2\/media?parent=1853"}],"wp:term":[{"taxonomy":"product_cat","embeddable":true,"href":"https:\/\/tienda-style.com\/index.php\/wp-json\/wp\/v2\/product_cat?post=1853"},{"taxonomy":"product_tag","embeddable":true,"href":"https:\/\/tienda-style.com\/index.php\/wp-json\/wp\/v2\/product_tag?post=1853"}],"curies":[{"name":"wp","href":"https:\/\/api.w.org\/{rel}","templated":true}]}}