{"id":1864,"date":"2025-12-26T19:59:24","date_gmt":"2025-12-27T01:59:24","guid":{"rendered":"https:\/\/tienda-style.com\/?post_type=product&#038;p=1864"},"modified":"2025-12-26T19:59:24","modified_gmt":"2025-12-27T01:59:24","slug":"reloj-automatico-mickey-mouse-edicion-limitada-caja-abierta-invicta-disney-44mm-azul-marino","status":"publish","type":"product","link":"https:\/\/tienda-style.com\/index.php\/producto\/reloj-automatico-mickey-mouse-edicion-limitada-caja-abierta-invicta-disney-44mm-azul-marino\/","title":{"rendered":"Reloj autom\u00e1tico Mickey Mouse Edici\u00f3n Limitada Caja Abierta INVICTA Disney &#8211; 44mm, azul marino"},"content":{"rendered":"","protected":false},"excerpt":{"rendered":"<p>Forma parte de la historia de INVICTA con este magn\u00edfico reloj de caja abierta. Nuestros expertos se encargan de inspeccionar y revisar todas las piezas de caja abierta para ofrecerte un reloj preciso y duradero que disfrutes. Este llamativo reloj Invicta de la colecci\u00f3n Disney Limited Edition est\u00e1 impulsado por un movimiento autom\u00e1tico y una caja de oro macizo. Su car\u00e1tual est\u00e1 decorado con una esfera met\u00e1lica azul marino y protegida por un resistente Cristal de Fusi\u00f3n de Llamas. Una banda de cuero azul marino completa este reloj que puede resistir el agua hasta 50 m.<\/p>\n","protected":false},"featured_media":1865,"template":"","meta":{"site-sidebar-layout":"default","site-content-layout":"","ast-site-content-layout":"default","site-content-style":"default","site-sidebar-style":"default","ast-global-header-display":"","ast-banner-title-visibility":"","ast-main-header-display":"","ast-hfb-above-header-display":"","ast-hfb-below-header-display":"","ast-hfb-mobile-header-display":"","site-post-title":"","ast-breadcrumbs-content":"","ast-featured-img":"","footer-sml-layout":"","theme-transparent-header-meta":"default","adv-header-id-meta":"","stick-header-meta":"","header-above-stick-meta":"","header-main-stick-meta":"","header-below-stick-meta":"","astra-migrate-meta-layouts":"set","ast-page-background-enabled":"default","ast-page-background-meta":{"desktop":{"background-color":"var(--ast-global-color-4)","background-image":"","background-repeat":"repeat","background-position":"center center","background-size":"auto","background-attachment":"scroll","background-type":"","background-media":"","overlay-type":"","overlay-color":"","overlay-gradient":""},"tablet":{"background-color":"","background-image":"","background-repeat":"repeat","background-position":"center center","background-size":"auto","background-attachment":"scroll","background-type":"","background-media":"","overlay-type":"","overlay-color":"","overlay-gradient":""},"mobile":{"background-color":"","background-image":"","background-repeat":"repeat","background-position":"center center","background-size":"auto","background-attachment":"scroll","background-type":"","background-media":"","overlay-type":"","overlay-color":"","overlay-gradient":""}},"ast-content-background-meta":{"desktop":{"background-color":"var(--ast-global-color-5)","background-image":"","background-repeat":"repeat","background-position":"center center","background-size":"auto","background-attachment":"scroll","background-type":"","background-media":"","overlay-type":"","overlay-color":"","overlay-gradient":""},"tablet":{"background-color":"var(--ast-global-color-5)","background-image":"","background-repeat":"repeat","background-position":"center center","background-size":"auto","background-attachment":"scroll","background-type":"","background-media":"","overlay-type":"","overlay-color":"","overlay-gradient":""},"mobile":{"background-color":"var(--ast-global-color-5)","background-image":"","background-repeat":"repeat","background-position":"center center","background-size":"auto","background-attachment":"scroll","background-type":"","background-media":"","overlay-type":"","overlay-color":"","overlay-gradient":""}}},"product_cat":[27],"product_tag":[],"class_list":{"0":"post-1864","1":"product","2":"type-product","3":"status-publish","4":"has-post-thumbnail","6":"product_cat-relojes","7":"desktop-align-left","8":"tablet-align-left","9":"mobile-align-left","11":"first","12":"instock","13":"shipping-taxable","14":"purchasable","15":"product-type-simple"},"_links":{"self":[{"href":"https:\/\/tienda-style.com\/index.php\/wp-json\/wp\/v2\/product\/1864"}],"collection":[{"href":"https:\/\/tienda-style.com\/index.php\/wp-json\/wp\/v2\/product"}],"about":[{"href":"https:\/\/tienda-style.com\/index.php\/wp-json\/wp\/v2\/types\/product"}],"wp:featuredmedia":[{"embeddable":true,"href":"https:\/\/tienda-style.com\/index.php\/wp-json\/wp\/v2\/media\/1865"}],"wp:attachment":[{"href":"https:\/\/tienda-style.com\/index.php\/wp-json\/wp\/v2\/media?parent=1864"}],"wp:term":[{"taxonomy":"product_cat","embeddable":true,"href":"https:\/\/tienda-style.com\/index.php\/wp-json\/wp\/v2\/product_cat?post=1864"},{"taxonomy":"product_tag","embeddable":true,"href":"https:\/\/tienda-style.com\/index.php\/wp-json\/wp\/v2\/product_tag?post=1864"}],"curies":[{"name":"wp","href":"https:\/\/api.w.org\/{rel}","templated":true}]}}