{"id":1906,"date":"2026-01-22T21:32:56","date_gmt":"2026-01-23T03:32:56","guid":{"rendered":"https:\/\/tienda-style.com\/?post_type=product&#038;p=1906"},"modified":"2026-01-22T21:32:56","modified_gmt":"2026-01-23T03:32:56","slug":"reloj-invicta-specialty-twin-axis-para-hombre-con-esfera-esqueleto-46-mm-dorado-acero","status":"publish","type":"product","link":"https:\/\/tienda-style.com\/index.php\/producto\/reloj-invicta-specialty-twin-axis-para-hombre-con-esfera-esqueleto-46-mm-dorado-acero\/","title":{"rendered":"Reloj INVICTA Specialty Twin-Axis para hombre con esfera esqueleto &#8211; 46 mm, dorado, acero"},"content":{"rendered":"<p>Este impresionante reloj INVICTA Specialty presenta un movimiento preciso de cuarzo y una caja de acero y oro. Su esfera plateada y lat\u00f3n est\u00e1 rodeada por un cristal mineral altamente protector. Este reloj est\u00e1 acabado con una fuerte banda de oro, acero y acero inoxidable, y ofrece una resistencia al agua de 30 m.<\/p>\n","protected":false},"excerpt":{"rendered":"<p>Este impresionante reloj INVICTA Specialty presenta un movimiento preciso de cuarzo y una caja de acero y oro. Su esfera plateada y lat\u00f3n est\u00e1 rodeada por un cristal mineral altamente protector. Este reloj est\u00e1 acabado con una fuerte banda de oro, acero y acero inoxidable, y ofrece una resistencia al agua de 30 m.<\/p>\n","protected":false},"featured_media":1907,"template":"","meta":{"site-sidebar-layout":"default","site-content-layout":"","ast-site-content-layout":"default","site-content-style":"default","site-sidebar-style":"default","ast-global-header-display":"","ast-banner-title-visibility":"","ast-main-header-display":"","ast-hfb-above-header-display":"","ast-hfb-below-header-display":"","ast-hfb-mobile-header-display":"","site-post-title":"","ast-breadcrumbs-content":"","ast-featured-img":"","footer-sml-layout":"","theme-transparent-header-meta":"default","adv-header-id-meta":"","stick-header-meta":"","header-above-stick-meta":"","header-main-stick-meta":"","header-below-stick-meta":"","astra-migrate-meta-layouts":"set","ast-page-background-enabled":"default","ast-page-background-meta":{"desktop":{"background-color":"var(--ast-global-color-4)","background-image":"","background-repeat":"repeat","background-position":"center center","background-size":"auto","background-attachment":"scroll","background-type":"","background-media":"","overlay-type":"","overlay-color":"","overlay-gradient":""},"tablet":{"background-color":"","background-image":"","background-repeat":"repeat","background-position":"center center","background-size":"auto","background-attachment":"scroll","background-type":"","background-media":"","overlay-type":"","overlay-color":"","overlay-gradient":""},"mobile":{"background-color":"","background-image":"","background-repeat":"repeat","background-position":"center center","background-size":"auto","background-attachment":"scroll","background-type":"","background-media":"","overlay-type":"","overlay-color":"","overlay-gradient":""}},"ast-content-background-meta":{"desktop":{"background-color":"var(--ast-global-color-5)","background-image":"","background-repeat":"repeat","background-position":"center center","background-size":"auto","background-attachment":"scroll","background-type":"","background-media":"","overlay-type":"","overlay-color":"","overlay-gradient":""},"tablet":{"background-color":"var(--ast-global-color-5)","background-image":"","background-repeat":"repeat","background-position":"center center","background-size":"auto","background-attachment":"scroll","background-type":"","background-media":"","overlay-type":"","overlay-color":"","overlay-gradient":""},"mobile":{"background-color":"var(--ast-global-color-5)","background-image":"","background-repeat":"repeat","background-position":"center center","background-size":"auto","background-attachment":"scroll","background-type":"","background-media":"","overlay-type":"","overlay-color":"","overlay-gradient":""}}},"product_cat":[27],"product_tag":[],"class_list":{"0":"post-1906","1":"product","2":"type-product","3":"status-publish","4":"has-post-thumbnail","6":"product_cat-relojes","7":"desktop-align-left","8":"tablet-align-left","9":"mobile-align-left","11":"first","12":"instock","13":"shipping-taxable","14":"purchasable","15":"product-type-simple"},"_links":{"self":[{"href":"https:\/\/tienda-style.com\/index.php\/wp-json\/wp\/v2\/product\/1906"}],"collection":[{"href":"https:\/\/tienda-style.com\/index.php\/wp-json\/wp\/v2\/product"}],"about":[{"href":"https:\/\/tienda-style.com\/index.php\/wp-json\/wp\/v2\/types\/product"}],"wp:featuredmedia":[{"embeddable":true,"href":"https:\/\/tienda-style.com\/index.php\/wp-json\/wp\/v2\/media\/1907"}],"wp:attachment":[{"href":"https:\/\/tienda-style.com\/index.php\/wp-json\/wp\/v2\/media?parent=1906"}],"wp:term":[{"taxonomy":"product_cat","embeddable":true,"href":"https:\/\/tienda-style.com\/index.php\/wp-json\/wp\/v2\/product_cat?post=1906"},{"taxonomy":"product_tag","embeddable":true,"href":"https:\/\/tienda-style.com\/index.php\/wp-json\/wp\/v2\/product_tag?post=1906"}],"curies":[{"name":"wp","href":"https:\/\/api.w.org\/{rel}","templated":true}]}}