{"id":1971,"date":"2026-04-12T20:11:20","date_gmt":"2026-04-13T02:11:20","guid":{"rendered":"https:\/\/tienda-style.com\/?post_type=product&#038;p=1971"},"modified":"2026-04-12T20:11:20","modified_gmt":"2026-04-13T02:11:20","slug":"reloj-invicta-bolt-surge-para-hombres-52mm-oro-negro","status":"publish","type":"product","link":"https:\/\/tienda-style.com\/index.php\/producto\/reloj-invicta-bolt-surge-para-hombres-52mm-oro-negro\/","title":{"rendered":"Reloj INVICTA Bolt Surge para hombres &#8211; 52mm, Oro, Negro"},"content":{"rendered":"","protected":false},"excerpt":{"rendered":"<p>Este incre\u00edble reloj INVICTA de la colecci\u00f3n Bolt ofrece un movimiento Quartz exacto, con una caja de oro incre\u00edble. La esfera muestra una esfera met\u00e1lica negra protegida por nuestro cristal de fusi\u00f3n de llama patentado. El dise\u00f1o se completa con una banda de acero inoxidable dorada, negra y de silicona. Este reloj puede resistir el agua hasta 100 m.<\/p>\n","protected":false},"featured_media":1972,"template":"","meta":{"site-sidebar-layout":"default","site-content-layout":"","ast-site-content-layout":"default","site-content-style":"default","site-sidebar-style":"default","ast-global-header-display":"","ast-banner-title-visibility":"","ast-main-header-display":"","ast-hfb-above-header-display":"","ast-hfb-below-header-display":"","ast-hfb-mobile-header-display":"","site-post-title":"","ast-breadcrumbs-content":"","ast-featured-img":"","footer-sml-layout":"","theme-transparent-header-meta":"default","adv-header-id-meta":"","stick-header-meta":"","header-above-stick-meta":"","header-main-stick-meta":"","header-below-stick-meta":"","astra-migrate-meta-layouts":"set","ast-page-background-enabled":"default","ast-page-background-meta":{"desktop":{"background-color":"var(--ast-global-color-4)","background-image":"","background-repeat":"repeat","background-position":"center center","background-size":"auto","background-attachment":"scroll","background-type":"","background-media":"","overlay-type":"","overlay-color":"","overlay-gradient":""},"tablet":{"background-color":"","background-image":"","background-repeat":"repeat","background-position":"center center","background-size":"auto","background-attachment":"scroll","background-type":"","background-media":"","overlay-type":"","overlay-color":"","overlay-gradient":""},"mobile":{"background-color":"","background-image":"","background-repeat":"repeat","background-position":"center center","background-size":"auto","background-attachment":"scroll","background-type":"","background-media":"","overlay-type":"","overlay-color":"","overlay-gradient":""}},"ast-content-background-meta":{"desktop":{"background-color":"var(--ast-global-color-5)","background-image":"","background-repeat":"repeat","background-position":"center center","background-size":"auto","background-attachment":"scroll","background-type":"","background-media":"","overlay-type":"","overlay-color":"","overlay-gradient":""},"tablet":{"background-color":"var(--ast-global-color-5)","background-image":"","background-repeat":"repeat","background-position":"center center","background-size":"auto","background-attachment":"scroll","background-type":"","background-media":"","overlay-type":"","overlay-color":"","overlay-gradient":""},"mobile":{"background-color":"var(--ast-global-color-5)","background-image":"","background-repeat":"repeat","background-position":"center center","background-size":"auto","background-attachment":"scroll","background-type":"","background-media":"","overlay-type":"","overlay-color":"","overlay-gradient":""}}},"product_cat":[27],"product_tag":[],"class_list":{"0":"post-1971","1":"product","2":"type-product","3":"status-publish","4":"has-post-thumbnail","6":"product_cat-relojes","7":"desktop-align-left","8":"tablet-align-left","9":"mobile-align-left","11":"first","12":"instock","13":"sale","14":"shipping-taxable","15":"purchasable","16":"product-type-simple"},"_links":{"self":[{"href":"https:\/\/tienda-style.com\/index.php\/wp-json\/wp\/v2\/product\/1971"}],"collection":[{"href":"https:\/\/tienda-style.com\/index.php\/wp-json\/wp\/v2\/product"}],"about":[{"href":"https:\/\/tienda-style.com\/index.php\/wp-json\/wp\/v2\/types\/product"}],"wp:featuredmedia":[{"embeddable":true,"href":"https:\/\/tienda-style.com\/index.php\/wp-json\/wp\/v2\/media\/1972"}],"wp:attachment":[{"href":"https:\/\/tienda-style.com\/index.php\/wp-json\/wp\/v2\/media?parent=1971"}],"wp:term":[{"taxonomy":"product_cat","embeddable":true,"href":"https:\/\/tienda-style.com\/index.php\/wp-json\/wp\/v2\/product_cat?post=1971"},{"taxonomy":"product_tag","embeddable":true,"href":"https:\/\/tienda-style.com\/index.php\/wp-json\/wp\/v2\/product_tag?post=1971"}],"curies":[{"name":"wp","href":"https:\/\/api.w.org\/{rel}","templated":true}]}}